{"id":143261,"date":"2021-10-05T15:33:59","date_gmt":"2021-10-05T19:33:59","guid":{"rendered":"https:\/\/digital58.com.ve\/site\/?page_id=143261"},"modified":"2023-03-06T16:36:36","modified_gmt":"2023-03-06T20:36:36","slug":"digital58-radio","status":"publish","type":"page","link":"https:\/\/digital58.com.ve\/site\/digital58-radio\/","title":{"rendered":"Digital58 Radio"},"content":{"rendered":"<p style=\"text-align: center;\"><!-- Inicio. radio hosting USAstreams.com html5 player --><a href=\"https:\/\/digital58.com.ve\/site\/wp-content\/uploads\/2021\/10\/radiod58.png\"><img loading=\"lazy\" decoding=\"async\" class=\"aligncenter wp-image-143417 size-medium\" src=\"https:\/\/digital58.com.ve\/site\/wp-content\/uploads\/2021\/10\/radiod58-300x294.png\" alt=\"\" width=\"300\" height=\"294\" srcset=\"https:\/\/digital58.com.ve\/site\/wp-content\/uploads\/2021\/10\/radiod58-300x294.png 300w, https:\/\/digital58.com.ve\/site\/wp-content\/uploads\/2021\/10\/radiod58-768x752.png 768w, https:\/\/digital58.com.ve\/site\/wp-content\/uploads\/2021\/10\/radiod58.png 800w\" sizes=\"auto, (max-width: 300px) 100vw, 300px\" \/><\/a><br \/>\n<!-- Inicio. radio hosting USAstreams.com html5 player --><\/p>\n<table style=\"width: 100%; border-collapse: collapse;\" border=\"0\">\n<tbody>\n<tr>\n<td style=\"width: 100%; text-align: center;\"><!-- Inicio. radio hosting USAstreams.com html5 player --><br \/>\n<!-- Licencia: GRATIS-XDF4543ERF --><br \/>\n<iframe loading=\"lazy\" class=\"cuadroBordeado\" src=\"https:\/\/cp.usastreams.com\/pr2g\/APPlayerRadioHTML5.aspx?stream=http:\/\/stream.zeno.fm\/swp0kueen98uv&amp;fondo=05&amp;formato=mp3&amp;color=7&amp;titulo=2&amp;autoStart=20&amp;vol=5&amp;tipo=22&amp;nombre=Digital58+Radio&amp;botonPlay=2&amp;server=http:\/\/stream.zeno.fm\/status.xslCHUMILLASmount=\/swp0kueen98uv\" name=\"contenedorPlayer\" width=\"420px\" height=\"140px\" frameborder=\"0\" marginwidth=\"0\" marginheight=\"0\" scrolling=\"no\"><\/iframe><br \/>\n<!-- En players responsive puede modificar el weight a sus necesidades, Por favor no modifique el resto del codigo para poder seguir ofreciendo este servicio gratis --><br \/>\n<!-- Fin. USAstreams.com html5 player --><\/td>\n<\/tr>\n<\/tbody>\n<\/table>\n<p style=\"text-align: center;\"><strong>EN PER\u00cdODO DE PRUEBA<\/strong><!-- En players responsive puede modificar el weight a sus necesidades, Por favor no modifique el resto del codigo para poder seguir ofreciendo este servicio gratis --><br \/>\n<!-- Fin. USAstreams.com html5 player --><\/p>\n<hr \/>\n<p style=\"text-align: center;\"><span style=\"color: #000000;\"><strong><span class=\"VIiyi\" lang=\"es\"><span class=\"JLqJ4b ChMk0b\" data-language-for-alternatives=\"es\" data-language-to-translate-into=\"en\" data-phrase-index=\"0\">Hora est\u00e1ndar de Venezuela (VET), UTC -4<\/span><\/span><\/strong><\/span><\/p>\n<hr \/>\n<p style=\"text-align: center;\"><span style=\"text-decoration: underline;\"><strong>PROGRAMACI\u00d3N<br \/>\n<\/strong><\/span><\/p>\n<hr \/>\n<p style=\"text-align: center;\"><strong>MICROS INFORMATIVOS (RESUMEN NOTICIOSO)<\/strong><\/p>\n<p style=\"text-align: center;\"><strong>Reporte Matutino:<\/strong> <em>Lunes a viernes<\/em> <strong>| 8:00 a.m. | Nacionales e internacionales<br \/>\nNarrador\/Periodista:<br \/>\n<\/strong><br \/>\n<strong>Reporte Espa\u00f1a:<\/strong> <em>Lunes a viernes<\/em> <strong>| 3:00 p.m.<br \/>\nCorresponsal Madrid\/Periodista: Higuera Gabriela<br \/>\n<\/strong><br \/>\n<strong><br \/>\n<\/strong><\/p>\n<hr \/>\n<p style=\"text-align: center;\"><strong>PROGRAMAS DEPORTIVOS<\/strong><\/p>\n<table style=\"height: 264px; width: 100%; border-collapse: collapse;\" border=\"0\">\n<tbody>\n<tr style=\"height: 264px;\">\n<td style=\"width: 28.6701%; text-align: center; height: 264px;\"><a href=\"https:\/\/digital58.com.ve\/site\/wp-content\/uploads\/2021\/10\/photo_2021-10-13_13-46-16.jpg\"><img loading=\"lazy\" decoding=\"async\" class=\"aligncenter wp-image-143785 size-thumbnail\" src=\"https:\/\/digital58.com.ve\/site\/wp-content\/uploads\/2021\/10\/photo_2021-10-13_13-46-16-150x150.jpg\" alt=\"\" width=\"150\" height=\"150\" \/><\/a><\/td>\n<td style=\"width: 71.33%; height: 264px;\">\n<div class=\"css-1dbjc4n r-1adg3ll r-6gpygo\">\n<div class=\"css-1dbjc4n\">\n<div class=\"css-901oao r-18jsvk2 r-37j5jr r-a023e6 r-16dba41 r-rjixqe r-bcqeeo r-qvutc0\" dir=\"auto\" data-testid=\"UserDescription\"><span class=\"css-901oao css-16my406 r-poiln3 r-bcqeeo r-qvutc0\"><span class=\"css-901oao css-16my406 r-poiln3 r-bcqeeo r-qvutc0\"><span class=\"css-901oao css-16my406 r-poiln3 r-bcqeeo r-qvutc0\"><strong>FUERA DE LA CANCHA \u00a1El espect\u00e1culo del deporte!<br \/>\n<\/strong>Todos los deportes y sus protagonistas, debates entrevistas, an\u00e1lisis y m\u00e1s.<\/span><\/span><\/span>Se\u00f1al matriz: <strong>Radio Fe y Alegr\u00eda 88.1 FM<br \/>\n<\/strong><span class=\"css-901oao css-16my406 r-poiln3 r-bcqeeo r-qvutc0\">Conductores: <strong>Rafael Petit, Rafael Castillo, Beatriz Saballett, Angel Bracho<\/strong><br \/>\nLunes, mi\u00e9rcoles, jueves y viernes: <strong>11:00 a.m. a 12:00 m.<\/strong><br \/>\nMartes: <strong>4 a 5:00 p.m.<\/strong><\/span><\/div>\n<div dir=\"auto\" data-testid=\"UserDescription\"><strong>Aliados a <a href=\"http:\/\/esmasdeporteradio.com\/\" target=\"_blank\" rel=\"noopener\">Es m\u00e1s deporte radio<\/a> Circuito Deportivo Internacional<\/strong><\/div>\n<\/div>\n<\/div>\n<\/td>\n<\/tr>\n<\/tbody>\n<\/table>\n<p>&nbsp;<\/p>\n<p>&nbsp;<\/p>\n<p>&nbsp;<\/p>\n<p>&nbsp;<\/p>\n<p>&nbsp;<\/p>\n<p>&nbsp;<\/p>\n<p>&nbsp;<\/p>\n<p>&nbsp;<\/p><div class=\"dqnzg69e1d86fa1e74\" ><p style=\"text-align: center;\"><a href=\"https:\/\/t.me\/noticiasdigital58\" target=\"_blank\" rel=\"noopener\"><img class=\"aligncenter size-full wp-image-125363\" src=\"https:\/\/digital58.com.ve\/site\/wp-content\/uploads\/2021\/04\/banner-telegram-web-2021.png\" alt=\"\" width=\"600\" height=\"90\" \/><\/a><\/p><\/div><style type=\"text\/css\">\r\n@media screen and (min-width: 1201px) {\r\n.dqnzg69e1d86fa1e74 {\r\ndisplay: block;\r\n}\r\n}\r\n@media screen and (min-width: 993px) and (max-width: 1200px) {\r\n.dqnzg69e1d86fa1e74 {\r\ndisplay: block;\r\n}\r\n}\r\n@media screen and (min-width: 769px) and (max-width: 992px) {\r\n.dqnzg69e1d86fa1e74 {\r\ndisplay: block;\r\n}\r\n}\r\n@media screen and (min-width: 768px) and (max-width: 768px) {\r\n.dqnzg69e1d86fa1e74 {\r\ndisplay: block;\r\n}\r\n}\r\n@media screen and (max-width: 767px) {\r\n.dqnzg69e1d86fa1e74 {\r\ndisplay: block;\r\n}\r\n}\r\n<\/style>\r\n\n<p>&nbsp;<\/p>\n<div style=\"margin-top: 0px; margin-bottom: 0px;\" class=\"sharethis-inline-share-buttons\" ><\/div>","protected":false},"excerpt":{"rendered":"<p>EN PER\u00cdODO DE PRUEBA Hora est\u00e1ndar de Venezuela (VET), UTC -4 PROGRAMACI\u00d3N MICROS INFORMATIVOS (RESUMEN NOTICIOSO) Reporte Matutino: Lunes a<\/p>\n","protected":false},"author":1,"featured_media":0,"parent":0,"menu_order":0,"comment_status":"closed","ping_status":"closed","template":"","meta":{"colormag_page_container_layout":"default_layout","colormag_page_sidebar_layout":"default_layout","_uag_custom_page_level_css":"","footnotes":""},"class_list":["post-143261","page","type-page","status-publish","hentry"],"yoast_head":"<!-- This site is optimized with the Yoast SEO plugin v27.4 - https:\/\/yoast.com\/product\/yoast-seo-wordpress\/ -->\n<title>Digital58 Radio - Noticias Digital58<\/title>\n<meta name=\"robots\" content=\"index, follow, max-snippet:-1, max-image-preview:large, max-video-preview:-1\" \/>\n<link rel=\"canonical\" href=\"https:\/\/digital58.com.ve\/site\/digital58-radio\/\" \/>\n<meta property=\"og:locale\" content=\"es_ES\" \/>\n<meta property=\"og:type\" content=\"article\" \/>\n<meta property=\"og:title\" content=\"Digital58 Radio - Noticias Digital58\" \/>\n<meta property=\"og:description\" content=\"EN PER\u00cdODO DE PRUEBA Hora est\u00e1ndar de Venezuela (VET), UTC -4 PROGRAMACI\u00d3N MICROS INFORMATIVOS (RESUMEN NOTICIOSO) Reporte Matutino: Lunes a\" \/>\n<meta property=\"og:url\" content=\"https:\/\/digital58.com.ve\/site\/digital58-radio\/\" \/>\n<meta property=\"og:site_name\" content=\"Noticias Digital58\" \/>\n<meta property=\"article:modified_time\" content=\"2023-03-06T20:36:36+00:00\" \/>\n<meta property=\"og:image\" content=\"https:\/\/digital58.com.ve\/site\/wp-content\/uploads\/2021\/10\/radiod58-300x294.png\" \/>\n<meta name=\"twitter:card\" content=\"summary_large_image\" \/>\n<meta name=\"twitter:site\" content=\"@villasmilhfoto\" \/>\n<meta name=\"twitter:label1\" content=\"Tiempo estimado de lectura\" \/>\n\t<meta name=\"twitter:data1\" content=\"1 minuto\" \/>\n<script type=\"application\/ld+json\" class=\"yoast-schema-graph\">{\"@context\":\"https:\\\/\\\/schema.org\",\"@graph\":[{\"@type\":\"WebPage\",\"@id\":\"https:\\\/\\\/digital58.com.ve\\\/site\\\/digital58-radio\\\/\",\"url\":\"https:\\\/\\\/digital58.com.ve\\\/site\\\/digital58-radio\\\/\",\"name\":\"Digital58 Radio - Noticias Digital58\",\"isPartOf\":{\"@id\":\"https:\\\/\\\/digital58.com.ve\\\/site\\\/#website\"},\"primaryImageOfPage\":{\"@id\":\"https:\\\/\\\/digital58.com.ve\\\/site\\\/digital58-radio\\\/#primaryimage\"},\"image\":{\"@id\":\"https:\\\/\\\/digital58.com.ve\\\/site\\\/digital58-radio\\\/#primaryimage\"},\"thumbnailUrl\":\"https:\\\/\\\/digital58.com.ve\\\/site\\\/wp-content\\\/uploads\\\/2021\\\/10\\\/radiod58-300x294.png\",\"datePublished\":\"2021-10-05T19:33:59+00:00\",\"dateModified\":\"2023-03-06T20:36:36+00:00\",\"breadcrumb\":{\"@id\":\"https:\\\/\\\/digital58.com.ve\\\/site\\\/digital58-radio\\\/#breadcrumb\"},\"inLanguage\":\"es\",\"potentialAction\":[{\"@type\":\"ReadAction\",\"target\":[\"https:\\\/\\\/digital58.com.ve\\\/site\\\/digital58-radio\\\/\"]}]},{\"@type\":\"ImageObject\",\"inLanguage\":\"es\",\"@id\":\"https:\\\/\\\/digital58.com.ve\\\/site\\\/digital58-radio\\\/#primaryimage\",\"url\":\"https:\\\/\\\/digital58.com.ve\\\/site\\\/wp-content\\\/uploads\\\/2021\\\/10\\\/radiod58.png\",\"contentUrl\":\"https:\\\/\\\/digital58.com.ve\\\/site\\\/wp-content\\\/uploads\\\/2021\\\/10\\\/radiod58.png\",\"width\":800,\"height\":783},{\"@type\":\"BreadcrumbList\",\"@id\":\"https:\\\/\\\/digital58.com.ve\\\/site\\\/digital58-radio\\\/#breadcrumb\",\"itemListElement\":[{\"@type\":\"ListItem\",\"position\":1,\"name\":\"Home\",\"item\":\"https:\\\/\\\/digital58.com.ve\\\/site\\\/\"},{\"@type\":\"ListItem\",\"position\":2,\"name\":\"Digital58 Radio\"}]},{\"@type\":\"WebSite\",\"@id\":\"https:\\\/\\\/digital58.com.ve\\\/site\\\/#website\",\"url\":\"https:\\\/\\\/digital58.com.ve\\\/site\\\/\",\"name\":\"Noticias Digital58\",\"description\":\"Portal de Noticias \u00a1Periodismo web de verdad! Lanzamiento web 22.11.2005 \\\/ Maracaibo, Venezuela\",\"publisher\":{\"@id\":\"https:\\\/\\\/digital58.com.ve\\\/site\\\/#\\\/schema\\\/person\\\/64d1c2e4d0d4fd1b849980c4331c2951\"},\"alternateName\":\"ND58\",\"potentialAction\":[{\"@type\":\"SearchAction\",\"target\":{\"@type\":\"EntryPoint\",\"urlTemplate\":\"https:\\\/\\\/digital58.com.ve\\\/site\\\/?s={search_term_string}\"},\"query-input\":{\"@type\":\"PropertyValueSpecification\",\"valueRequired\":true,\"valueName\":\"search_term_string\"}}],\"inLanguage\":\"es\"},{\"@type\":[\"Person\",\"Organization\"],\"@id\":\"https:\\\/\\\/digital58.com.ve\\\/site\\\/#\\\/schema\\\/person\\\/64d1c2e4d0d4fd1b849980c4331c2951\",\"name\":\"Villasmil Henry\",\"image\":{\"@type\":\"ImageObject\",\"inLanguage\":\"es\",\"@id\":\"https:\\\/\\\/secure.gravatar.com\\\/avatar\\\/bb0c4a2fcb7970138239f7e404ea75757b1b507b28b5ce4c53fbd62d797c5a7c?s=96&d=mm&r=g\",\"url\":\"https:\\\/\\\/secure.gravatar.com\\\/avatar\\\/bb0c4a2fcb7970138239f7e404ea75757b1b507b28b5ce4c53fbd62d797c5a7c?s=96&d=mm&r=g\",\"contentUrl\":\"https:\\\/\\\/secure.gravatar.com\\\/avatar\\\/bb0c4a2fcb7970138239f7e404ea75757b1b507b28b5ce4c53fbd62d797c5a7c?s=96&d=mm&r=g\",\"caption\":\"Villasmil Henry\"},\"logo\":{\"@id\":\"https:\\\/\\\/secure.gravatar.com\\\/avatar\\\/bb0c4a2fcb7970138239f7e404ea75757b1b507b28b5ce4c53fbd62d797c5a7c?s=96&d=mm&r=g\"},\"sameAs\":[\"http:\\\/\\\/www.henryvillasmil.com.ve\",\"https:\\\/\\\/www.instagram.com\\\/villasmilhfoto\\\/\",\"https:\\\/\\\/x.com\\\/https:\\\/\\\/twitter.com\\\/villasmilhfoto\"]}]}<\/script>\n<!-- \/ Yoast SEO plugin. -->","yoast_head_json":{"title":"Digital58 Radio - Noticias Digital58","robots":{"index":"index","follow":"follow","max-snippet":"max-snippet:-1","max-image-preview":"max-image-preview:large","max-video-preview":"max-video-preview:-1"},"canonical":"https:\/\/digital58.com.ve\/site\/digital58-radio\/","og_locale":"es_ES","og_type":"article","og_title":"Digital58 Radio - Noticias Digital58","og_description":"EN PER\u00cdODO DE PRUEBA Hora est\u00e1ndar de Venezuela (VET), UTC -4 PROGRAMACI\u00d3N MICROS INFORMATIVOS (RESUMEN NOTICIOSO) Reporte Matutino: Lunes a","og_url":"https:\/\/digital58.com.ve\/site\/digital58-radio\/","og_site_name":"Noticias Digital58","article_modified_time":"2023-03-06T20:36:36+00:00","og_image":[{"url":"https:\/\/digital58.com.ve\/site\/wp-content\/uploads\/2021\/10\/radiod58-300x294.png","type":"","width":"","height":""}],"twitter_card":"summary_large_image","twitter_site":"@villasmilhfoto","twitter_misc":{"Tiempo estimado de lectura":"1 minuto"},"schema":{"@context":"https:\/\/schema.org","@graph":[{"@type":"WebPage","@id":"https:\/\/digital58.com.ve\/site\/digital58-radio\/","url":"https:\/\/digital58.com.ve\/site\/digital58-radio\/","name":"Digital58 Radio - Noticias Digital58","isPartOf":{"@id":"https:\/\/digital58.com.ve\/site\/#website"},"primaryImageOfPage":{"@id":"https:\/\/digital58.com.ve\/site\/digital58-radio\/#primaryimage"},"image":{"@id":"https:\/\/digital58.com.ve\/site\/digital58-radio\/#primaryimage"},"thumbnailUrl":"https:\/\/digital58.com.ve\/site\/wp-content\/uploads\/2021\/10\/radiod58-300x294.png","datePublished":"2021-10-05T19:33:59+00:00","dateModified":"2023-03-06T20:36:36+00:00","breadcrumb":{"@id":"https:\/\/digital58.com.ve\/site\/digital58-radio\/#breadcrumb"},"inLanguage":"es","potentialAction":[{"@type":"ReadAction","target":["https:\/\/digital58.com.ve\/site\/digital58-radio\/"]}]},{"@type":"ImageObject","inLanguage":"es","@id":"https:\/\/digital58.com.ve\/site\/digital58-radio\/#primaryimage","url":"https:\/\/digital58.com.ve\/site\/wp-content\/uploads\/2021\/10\/radiod58.png","contentUrl":"https:\/\/digital58.com.ve\/site\/wp-content\/uploads\/2021\/10\/radiod58.png","width":800,"height":783},{"@type":"BreadcrumbList","@id":"https:\/\/digital58.com.ve\/site\/digital58-radio\/#breadcrumb","itemListElement":[{"@type":"ListItem","position":1,"name":"Home","item":"https:\/\/digital58.com.ve\/site\/"},{"@type":"ListItem","position":2,"name":"Digital58 Radio"}]},{"@type":"WebSite","@id":"https:\/\/digital58.com.ve\/site\/#website","url":"https:\/\/digital58.com.ve\/site\/","name":"Noticias Digital58","description":"Portal de Noticias \u00a1Periodismo web de verdad! Lanzamiento web 22.11.2005 \/ Maracaibo, Venezuela","publisher":{"@id":"https:\/\/digital58.com.ve\/site\/#\/schema\/person\/64d1c2e4d0d4fd1b849980c4331c2951"},"alternateName":"ND58","potentialAction":[{"@type":"SearchAction","target":{"@type":"EntryPoint","urlTemplate":"https:\/\/digital58.com.ve\/site\/?s={search_term_string}"},"query-input":{"@type":"PropertyValueSpecification","valueRequired":true,"valueName":"search_term_string"}}],"inLanguage":"es"},{"@type":["Person","Organization"],"@id":"https:\/\/digital58.com.ve\/site\/#\/schema\/person\/64d1c2e4d0d4fd1b849980c4331c2951","name":"Villasmil Henry","image":{"@type":"ImageObject","inLanguage":"es","@id":"https:\/\/secure.gravatar.com\/avatar\/bb0c4a2fcb7970138239f7e404ea75757b1b507b28b5ce4c53fbd62d797c5a7c?s=96&d=mm&r=g","url":"https:\/\/secure.gravatar.com\/avatar\/bb0c4a2fcb7970138239f7e404ea75757b1b507b28b5ce4c53fbd62d797c5a7c?s=96&d=mm&r=g","contentUrl":"https:\/\/secure.gravatar.com\/avatar\/bb0c4a2fcb7970138239f7e404ea75757b1b507b28b5ce4c53fbd62d797c5a7c?s=96&d=mm&r=g","caption":"Villasmil Henry"},"logo":{"@id":"https:\/\/secure.gravatar.com\/avatar\/bb0c4a2fcb7970138239f7e404ea75757b1b507b28b5ce4c53fbd62d797c5a7c?s=96&d=mm&r=g"},"sameAs":["http:\/\/www.henryvillasmil.com.ve","https:\/\/www.instagram.com\/villasmilhfoto\/","https:\/\/x.com\/https:\/\/twitter.com\/villasmilhfoto"]}]}},"uagb_featured_image_src":{"full":false,"thumbnail":false,"medium":false,"medium_large":false,"large":false,"1536x1536":false,"2048x2048":false,"colormag-highlighted-post":false,"colormag-featured-post-medium":false,"colormag-featured-post-small":false,"colormag-featured-image":false,"colormag-default-news":false,"colormag-featured-image-large":false},"uagb_author_info":{"display_name":"Villasmil Henry","author_link":"https:\/\/digital58.com.ve\/site\/author\/droopy_68\/"},"uagb_comment_info":0,"uagb_excerpt":"EN PER\u00cdODO DE PRUEBA Hora est\u00e1ndar de Venezuela (VET), UTC -4 PROGRAMACI\u00d3N MICROS INFORMATIVOS (RESUMEN NOTICIOSO) Reporte Matutino: Lunes a","_links":{"self":[{"href":"https:\/\/digital58.com.ve\/site\/wp-json\/wp\/v2\/pages\/143261","targetHints":{"allow":["GET"]}}],"collection":[{"href":"https:\/\/digital58.com.ve\/site\/wp-json\/wp\/v2\/pages"}],"about":[{"href":"https:\/\/digital58.com.ve\/site\/wp-json\/wp\/v2\/types\/page"}],"author":[{"embeddable":true,"href":"https:\/\/digital58.com.ve\/site\/wp-json\/wp\/v2\/users\/1"}],"replies":[{"embeddable":true,"href":"https:\/\/digital58.com.ve\/site\/wp-json\/wp\/v2\/comments?post=143261"}],"version-history":[{"count":0,"href":"https:\/\/digital58.com.ve\/site\/wp-json\/wp\/v2\/pages\/143261\/revisions"}],"wp:attachment":[{"href":"https:\/\/digital58.com.ve\/site\/wp-json\/wp\/v2\/media?parent=143261"}],"curies":[{"name":"wp","href":"https:\/\/api.w.org\/{rel}","templated":true}]}}